{"id":29085,"date":"2023-01-12T15:10:14","date_gmt":"2023-01-12T14:10:14","guid":{"rendered":"https:\/\/stefdeco.com\/?page_id=29085"},"modified":"2024-07-05T14:35:05","modified_gmt":"2024-07-05T12:35:05","slug":"presentation","status":"publish","type":"page","link":"https:\/\/stefdeco.com\/?page_id=29085","title":{"rendered":"PR\u00c9SENTATION"},"content":{"rendered":"\t\t<div data-elementor-type=\"wp-page\" data-elementor-id=\"29085\" class=\"elementor elementor-29085\">\n\t\t\t\t\t\t<section class=\"elementor-section elementor-top-section elementor-element elementor-element-1e600e5 elementor-section-full_width elementor-section-stretched elementor-section-height-default elementor-section-height-default\" data-id=\"1e600e5\" data-element_type=\"section\" data-settings=\"{&quot;background_background&quot;:&quot;classic&quot;,&quot;stretch_section&quot;:&quot;section-stretched&quot;}\">\n\t\t\t\t\t\t<div class=\"elementor-container elementor-column-gap-default\">\n\t\t\t\t\t<div class=\"elementor-column elementor-col-100 elementor-top-column elementor-element elementor-element-607eb70\" data-id=\"607eb70\" data-element_type=\"column\">\n\t\t\t<div class=\"elementor-widget-wrap elementor-element-populated\">\n\t\t\t\t\t\t<section class=\"elementor-section elementor-inner-section elementor-element elementor-element-50a73c93 elementor-section-height-min-height elementor-section-boxed elementor-section-height-default\" data-id=\"50a73c93\" data-element_type=\"section\" data-settings=\"{&quot;background_background&quot;:&quot;classic&quot;}\">\n\t\t\t\t\t\t\t<div class=\"elementor-background-overlay\"><\/div>\n\t\t\t\t\t\t\t<div class=\"elementor-container elementor-column-gap-default\">\n\t\t\t\t\t<div class=\"elementor-column elementor-col-100 elementor-inner-column elementor-element elementor-element-50ee499f\" data-id=\"50ee499f\" data-element_type=\"column\">\n\t\t\t<div class=\"elementor-widget-wrap elementor-element-populated\">\n\t\t\t\t\t\t<div class=\"elementor-element elementor-element-2f4f95a8 elementor-invisible elementor-widget elementor-widget-heading\" data-id=\"2f4f95a8\" data-element_type=\"widget\" data-settings=\"{&quot;_animation&quot;:&quot;fadeInLeft&quot;,&quot;_animation_delay&quot;:500}\" data-widget_type=\"heading.default\">\n\t\t\t\t<div class=\"elementor-widget-container\">\n\t\t\t<style>\/*! elementor - v3.20.0 - 26-03-2024 *\/\n.elementor-heading-title{padding:0;margin:0;line-height:1}.elementor-widget-heading .elementor-heading-title[class*=elementor-size-]>a{color:inherit;font-size:inherit;line-height:inherit}.elementor-widget-heading .elementor-heading-title.elementor-size-small{font-size:15px}.elementor-widget-heading .elementor-heading-title.elementor-size-medium{font-size:19px}.elementor-widget-heading .elementor-heading-title.elementor-size-large{font-size:29px}.elementor-widget-heading .elementor-heading-title.elementor-size-xl{font-size:39px}.elementor-widget-heading .elementor-heading-title.elementor-size-xxl{font-size:59px}<\/style><h1 class=\"elementor-heading-title elementor-size-default\">St\u00e9phanie Marci<\/h1>\t\t<\/div>\n\t\t\t\t<\/div>\n\t\t\t\t\t<\/div>\n\t\t<\/div>\n\t\t\t\t\t<\/div>\n\t\t<\/section>\n\t\t\t\t\t<\/div>\n\t\t<\/div>\n\t\t\t\t\t<\/div>\n\t\t<\/section>\n\t\t\t\t<section class=\"elementor-section elementor-top-section elementor-element elementor-element-7c5b1d8 elementor-section-boxed elementor-section-height-default elementor-section-height-default\" data-id=\"7c5b1d8\" data-element_type=\"section\">\n\t\t\t\t\t\t<div class=\"elementor-container elementor-column-gap-default\">\n\t\t\t\t\t<div class=\"elementor-column elementor-col-50 elementor-top-column elementor-element elementor-element-714fe7b3\" data-id=\"714fe7b3\" data-element_type=\"column\">\n\t\t\t<div class=\"elementor-widget-wrap elementor-element-populated\">\n\t\t\t\t\t\t<div class=\"elementor-element elementor-element-261a78e0 elementor-invisible elementor-widget elementor-widget-heading\" data-id=\"261a78e0\" data-element_type=\"widget\" data-settings=\"{&quot;_animation&quot;:&quot;fadeInLeft&quot;,&quot;_animation_delay&quot;:500}\" data-widget_type=\"heading.default\">\n\t\t\t\t<div class=\"elementor-widget-container\">\n\t\t\t<h6 class=\"elementor-heading-title elementor-size-default\">Mon histoire ...<\/h6>\t\t<\/div>\n\t\t\t\t<\/div>\n\t\t\t\t<div class=\"elementor-element elementor-element-4e8a0759 elementor-invisible elementor-widget elementor-widget-text-editor\" data-id=\"4e8a0759\" data-element_type=\"widget\" data-settings=\"{&quot;_animation&quot;:&quot;fadeInLeft&quot;,&quot;_animation_delay&quot;:600}\" data-widget_type=\"text-editor.default\">\n\t\t\t\t<div class=\"elementor-widget-container\">\n\t\t\t<style>\/*! elementor - v3.20.0 - 26-03-2024 *\/\n.elementor-widget-text-editor.elementor-drop-cap-view-stacked .elementor-drop-cap{background-color:#69727d;color:#fff}.elementor-widget-text-editor.elementor-drop-cap-view-framed .elementor-drop-cap{color:#69727d;border:3px solid;background-color:transparent}.elementor-widget-text-editor:not(.elementor-drop-cap-view-default) .elementor-drop-cap{margin-top:8px}.elementor-widget-text-editor:not(.elementor-drop-cap-view-default) .elementor-drop-cap-letter{width:1em;height:1em}.elementor-widget-text-editor .elementor-drop-cap{float:left;text-align:center;line-height:1;font-size:50px}.elementor-widget-text-editor .elementor-drop-cap-letter{display:inline-block}<\/style>\t\t\t\t<p>L\u2019agence <b>St\u00e9phanie Marci<\/b>, fond\u00e9e en 2021, s&#8217;est rapidement distingu\u00e9e en captant des projets ambitieux gr\u00e2ce \u00e0 une approche \u00e0 la fois exhaustive et empathique du design d&#8217;int\u00e9rieur. St\u00e9phanie, entour\u00e9e de son \u00e9quipe de partenaires passionn\u00e9s, partage une philosophie commune : concevoir des projets cr\u00e9atifs et uniques, qui r\u00e9v\u00e8lent l\u2019\u00e2me des lieux et les envies de transformation de nos clients.<\/p><p>&#8220;D\u00e8s mon plus jeune \u00e2ge, j&#8217;adorais accompagner mon p\u00e8re, contrema\u00eetre dans le b\u00e2timent, sur les chantiers. Je l&#8217;observais attentivement \u00e9laborer ses plans ou discuter avec les clients. Cette fascination pour le monde du b\u00e2timent me semblait alors \u00e9vidente. Ce n&#8217;est que de nombreuses ann\u00e9es plus tard que j&#8217;ai replong\u00e9 dans cet univers lorsque j&#8217;ai achet\u00e9 deux appartements que j&#8217;ai compl\u00e8tement r\u00e9nov\u00e9s avec mon compagnon. <br \/>Ce fut une r\u00e9v\u00e9lation ! Cette exp\u00e9rience m&#8217;a pouss\u00e9e \u00e0 reprendre des \u00e9tudes d&#8217;architecture d&#8217;int\u00e9rieur. Gr\u00e2ce \u00e0 mon r\u00e9seau d&#8217;artisans d\u00e9j\u00e0 constitu\u00e9, j&#8217;ai d\u00e9marr\u00e9 mes premiers chantiers et depuis je n\u2019ai qu\u2019un seul souhait, vous aider \u00e0 construire votre cocon de demain!&#8221;<\/p>\t\t\t\t\t\t<\/div>\n\t\t\t\t<\/div>\n\t\t\t\t\t<\/div>\n\t\t<\/div>\n\t\t\t\t<div class=\"elementor-column elementor-col-50 elementor-top-column elementor-element elementor-element-9254c42\" data-id=\"9254c42\" data-element_type=\"column\">\n\t\t\t<div class=\"elementor-widget-wrap elementor-element-populated\">\n\t\t\t\t\t\t<div class=\"elementor-element elementor-element-8384f11 elementor-widget elementor-widget-image\" data-id=\"8384f11\" data-element_type=\"widget\" data-widget_type=\"image.default\">\n\t\t\t\t<div class=\"elementor-widget-container\">\n\t\t\t<style>\/*! elementor - v3.20.0 - 26-03-2024 *\/\n.elementor-widget-image{text-align:center}.elementor-widget-image a{display:inline-block}.elementor-widget-image a img[src$=\".svg\"]{width:48px}.elementor-widget-image img{vertical-align:middle;display:inline-block}<\/style>\t\t\t\t\t\t\t\t\t\t<img fetchpriority=\"high\" decoding=\"async\" width=\"768\" height=\"1024\" src=\"https:\/\/stefdeco.com\/wp-content\/uploads\/2024\/06\/thumbnail-768x1024.jpeg\" class=\"attachment-large size-large wp-image-29374\" alt=\"\" srcset=\"https:\/\/stefdeco.com\/wp-content\/uploads\/2024\/06\/thumbnail-768x1024.jpeg 768w, https:\/\/stefdeco.com\/wp-content\/uploads\/2024\/06\/thumbnail-225x300.jpeg 225w, https:\/\/stefdeco.com\/wp-content\/uploads\/2024\/06\/thumbnail.jpeg 1080w\" sizes=\"(max-width: 768px) 100vw, 768px\" \/>\t\t\t\t\t\t\t\t\t\t\t\t\t<\/div>\n\t\t\t\t<\/div>\n\t\t\t\t\t<\/div>\n\t\t<\/div>\n\t\t\t\t\t<\/div>\n\t\t<\/section>\n\t\t\t\t<section class=\"elementor-section elementor-top-section elementor-element elementor-element-bc841b8 elementor-section-boxed elementor-section-height-default elementor-section-height-default\" data-id=\"bc841b8\" data-element_type=\"section\">\n\t\t\t\t\t\t<div class=\"elementor-container elementor-column-gap-default\">\n\t\t\t\t\t<div class=\"elementor-column elementor-col-100 elementor-top-column elementor-element elementor-element-92c4afe\" data-id=\"92c4afe\" data-element_type=\"column\">\n\t\t\t<div class=\"elementor-widget-wrap elementor-element-populated\">\n\t\t\t\t\t\t<div class=\"elementor-element elementor-element-628666e elementor-widget elementor-widget-image\" data-id=\"628666e\" data-element_type=\"widget\" data-widget_type=\"image.default\">\n\t\t\t\t<div class=\"elementor-widget-container\">\n\t\t\t\t\t\t\t\t\t\t\t\t\t<img decoding=\"async\" width=\"500\" height=\"500\" src=\"https:\/\/stefdeco.com\/wp-content\/uploads\/2024\/07\/architecte-1.png\" class=\"attachment-medium_large size-medium_large wp-image-29437\" alt=\"architecte d&#039;int\u00e9rieur\" srcset=\"https:\/\/stefdeco.com\/wp-content\/uploads\/2024\/07\/architecte-1.png 500w, https:\/\/stefdeco.com\/wp-content\/uploads\/2024\/07\/architecte-1-300x300.png 300w, https:\/\/stefdeco.com\/wp-content\/uploads\/2024\/07\/architecte-1-150x150.png 150w\" sizes=\"(max-width: 500px) 100vw, 500px\" \/>\t\t\t\t\t\t\t\t\t\t\t\t\t<\/div>\n\t\t\t\t<\/div>\n\t\t\t\t\t<\/div>\n\t\t<\/div>\n\t\t\t\t\t<\/div>\n\t\t<\/section>\n\t\t\t\t<section class=\"elementor-section elementor-top-section elementor-element elementor-element-bf4e728 elementor-section-boxed elementor-section-height-default elementor-section-height-default\" data-id=\"bf4e728\" data-element_type=\"section\">\n\t\t\t\t\t\t<div class=\"elementor-container elementor-column-gap-default\">\n\t\t\t\t\t<div class=\"elementor-column elementor-col-100 elementor-top-column elementor-element elementor-element-e993f0c\" data-id=\"e993f0c\" data-element_type=\"column\">\n\t\t\t<div class=\"elementor-widget-wrap elementor-element-populated\">\n\t\t\t\t\t\t<div class=\"elementor-element elementor-element-612a2ba elementor-arrows-position-outside elementor-widget elementor-widget-image-carousel\" data-id=\"612a2ba\" data-element_type=\"widget\" data-settings=\"{&quot;navigation&quot;:&quot;arrows&quot;,&quot;autoplay&quot;:&quot;yes&quot;,&quot;pause_on_hover&quot;:&quot;yes&quot;,&quot;pause_on_interaction&quot;:&quot;yes&quot;,&quot;autoplay_speed&quot;:5000,&quot;infinite&quot;:&quot;yes&quot;,&quot;speed&quot;:500}\" data-widget_type=\"image-carousel.default\">\n\t\t\t\t<div class=\"elementor-widget-container\">\n\t\t\t<style>\/*! elementor - v3.20.0 - 26-03-2024 *\/\n.elementor-widget-image-carousel .swiper,.elementor-widget-image-carousel .swiper-container{position:static}.elementor-widget-image-carousel .swiper-container .swiper-slide figure,.elementor-widget-image-carousel .swiper .swiper-slide figure{line-height:inherit}.elementor-widget-image-carousel .swiper-slide{text-align:center}.elementor-image-carousel-wrapper:not(.swiper-container-initialized):not(.swiper-initialized) .swiper-slide{max-width:calc(100% \/ var(--e-image-carousel-slides-to-show, 3))}<\/style>\t\t<div class=\"elementor-image-carousel-wrapper swiper\" dir=\"ltr\">\n\t\t\t<div class=\"elementor-image-carousel swiper-wrapper\" aria-live=\"off\">\n\t\t\t\t\t\t\t\t<div class=\"swiper-slide\" role=\"group\" aria-roledescription=\"slide\" aria-label=\"1 sur 1\"><a data-elementor-open-lightbox=\"yes\" data-elementor-lightbox-slideshow=\"612a2ba\" data-elementor-lightbox-title=\"banderole savoie parquet 2022\" data-e-action-hash=\"#elementor-action%3Aaction%3Dlightbox%26settings%3DeyJpZCI6Mjk0MDQsInVybCI6Imh0dHBzOlwvXC9zdGVmZGVjby5jb21cL3dwLWNvbnRlbnRcL3VwbG9hZHNcLzIwMjRcLzA3XC9iYW5kZXJvbGUtc2F2b2llLXBhcnF1ZXQtMjAyMi5qcGciLCJzbGlkZXNob3ciOiI2MTJhMmJhIn0%3D\" href=\"https:\/\/www.savoieparquet.com\/\"><figure class=\"swiper-slide-inner\"><img decoding=\"async\" class=\"swiper-slide-image\" src=\"https:\/\/stefdeco.com\/wp-content\/uploads\/2024\/07\/banderole-savoie-parquet-2022.jpg\" alt=\"Logo de partenaire Savoie Parquet 2022\" \/><\/figure><\/a><\/div>\t\t\t<\/div>\n\t\t\t\t\t<\/div>\n\t\t\t\t<\/div>\n\t\t\t\t<\/div>\n\t\t\t\t\t<\/div>\n\t\t<\/div>\n\t\t\t\t\t<\/div>\n\t\t<\/section>\n\t\t\t\t<section class=\"elementor-section elementor-top-section elementor-element elementor-element-75a47e1b elementor-section-boxed elementor-section-height-default elementor-section-height-default elementor-invisible\" data-id=\"75a47e1b\" data-element_type=\"section\" data-settings=\"{&quot;animation&quot;:&quot;fadeInUp&quot;,&quot;animation_delay&quot;:300,&quot;background_background&quot;:&quot;gradient&quot;}\">\n\t\t\t\t\t\t\t<div class=\"elementor-background-overlay\"><\/div>\n\t\t\t\t\t\t\t<div class=\"elementor-container elementor-column-gap-default\">\n\t\t\t\t\t<div class=\"elementor-column elementor-col-100 elementor-top-column elementor-element elementor-element-764d148\" data-id=\"764d148\" data-element_type=\"column\">\n\t\t\t<div class=\"elementor-widget-wrap\">\n\t\t\t\t\t\t\t<\/div>\n\t\t<\/div>\n\t\t\t\t\t<\/div>\n\t\t<\/section>\n\t\t\t\t<section class=\"elementor-section elementor-top-section elementor-element elementor-element-91f113e elementor-section-boxed elementor-section-height-default elementor-section-height-default\" data-id=\"91f113e\" data-element_type=\"section\">\n\t\t\t\t\t\t<div class=\"elementor-container elementor-column-gap-default\">\n\t\t\t\t\t<div class=\"elementor-column elementor-col-50 elementor-top-column elementor-element elementor-element-f8576ed\" data-id=\"f8576ed\" data-element_type=\"column\">\n\t\t\t<div class=\"elementor-widget-wrap elementor-element-populated\">\n\t\t\t\t\t\t<div class=\"elementor-element elementor-element-1e536ab elementor-view-default elementor-widget elementor-widget-icon\" data-id=\"1e536ab\" data-element_type=\"widget\" data-widget_type=\"icon.default\">\n\t\t\t\t<div class=\"elementor-widget-container\">\n\t\t\t\t\t<div class=\"elementor-icon-wrapper\">\n\t\t\t<a class=\"elementor-icon\" href=\"https:\/\/www.facebook.com\/people\/Stefdecodesigns\/100067952432002\/\">\n\t\t\t<i aria-hidden=\"true\" class=\"fab fa-facebook\"><\/i>\t\t\t<\/a>\n\t\t<\/div>\n\t\t\t\t<\/div>\n\t\t\t\t<\/div>\n\t\t\t\t\t<\/div>\n\t\t<\/div>\n\t\t\t\t<div class=\"elementor-column elementor-col-50 elementor-top-column elementor-element elementor-element-654d126\" data-id=\"654d126\" data-element_type=\"column\">\n\t\t\t<div class=\"elementor-widget-wrap elementor-element-populated\">\n\t\t\t\t\t\t<div class=\"elementor-element elementor-element-b2cb147 elementor-view-default elementor-widget elementor-widget-icon\" data-id=\"b2cb147\" data-element_type=\"widget\" data-widget_type=\"icon.default\">\n\t\t\t\t<div class=\"elementor-widget-container\">\n\t\t\t\t\t<div class=\"elementor-icon-wrapper\">\n\t\t\t<a class=\"elementor-icon\" href=\"https:\/\/www.instagram.com\/stefdecodesigns\/\">\n\t\t\t<i aria-hidden=\"true\" class=\"fab fa-instagram\"><\/i>\t\t\t<\/a>\n\t\t<\/div>\n\t\t\t\t<\/div>\n\t\t\t\t<\/div>\n\t\t\t\t\t<\/div>\n\t\t<\/div>\n\t\t\t\t\t<\/div>\n\t\t<\/section>\n\t\t\t\t<\/div>\n\t\t","protected":false},"excerpt":{"rendered":"<p>St\u00e9phanie Marci Mon histoire &#8230; L\u2019agence St\u00e9phanie Marci, fond\u00e9e en 2021, s&#8217;est rapidement distingu\u00e9e en captant des projets ambitieux gr\u00e2ce \u00e0 une approche \u00e0 la fois exhaustive et empathique du design d&#8217;int\u00e9rieur. St\u00e9phanie, entour\u00e9e de son \u00e9quipe de partenaires passionn\u00e9s, partage une philosophie commune : concevoir des projets cr\u00e9atifs et uniques, qui r\u00e9v\u00e8lent l\u2019\u00e2me des&#8230;<\/p>\n","protected":false},"author":1,"featured_media":0,"parent":0,"menu_order":0,"comment_status":"closed","ping_status":"closed","template":"","meta":{"_kad_post_transparent":"","_kad_post_title":"hide","_kad_post_layout":"fullwidth","_kad_post_sidebar_id":"","_kad_post_content_style":"unboxed","_kad_post_vertical_padding":"hide","_kad_post_feature":"hide","_kad_post_feature_position":"","_kad_post_header":false,"_kad_post_footer":false,"footnotes":""},"class_list":["post-29085","page","type-page","status-publish","hentry"],"aioseo_notices":[],"_links":{"self":[{"href":"https:\/\/stefdeco.com\/index.php?rest_route=\/wp\/v2\/pages\/29085","targetHints":{"allow":["GET"]}}],"collection":[{"href":"https:\/\/stefdeco.com\/index.php?rest_route=\/wp\/v2\/pages"}],"about":[{"href":"https:\/\/stefdeco.com\/index.php?rest_route=\/wp\/v2\/types\/page"}],"author":[{"embeddable":true,"href":"https:\/\/stefdeco.com\/index.php?rest_route=\/wp\/v2\/users\/1"}],"replies":[{"embeddable":true,"href":"https:\/\/stefdeco.com\/index.php?rest_route=%2Fwp%2Fv2%2Fcomments&post=29085"}],"version-history":[{"count":80,"href":"https:\/\/stefdeco.com\/index.php?rest_route=\/wp\/v2\/pages\/29085\/revisions"}],"predecessor-version":[{"id":29455,"href":"https:\/\/stefdeco.com\/index.php?rest_route=\/wp\/v2\/pages\/29085\/revisions\/29455"}],"wp:attachment":[{"href":"https:\/\/stefdeco.com\/index.php?rest_route=%2Fwp%2Fv2%2Fmedia&parent=29085"}],"curies":[{"name":"wp","href":"https:\/\/api.w.org\/{rel}","templated":true}]}}